{"id":2398,"date":"2024-09-04T07:14:19","date_gmt":"2024-09-04T07:14:19","guid":{"rendered":"https:\/\/wisersooner.com\/?post_type=product&#038;p=2398"},"modified":"2024-12-18T12:50:18","modified_gmt":"2024-12-18T12:50:18","slug":"10x-session-package","status":"publish","type":"product","link":"https:\/\/wisersooner.com\/fr\/produit\/10x-session-package\/","title":{"rendered":"Forfait 10X Sessions"},"content":{"rendered":"<ul>\n<li><span style=\"color: #333333;\"><b>Ce que c'est:<\/b><\/span>\u00a0Un ensemble de dix s\u00e9ances de coaching structur\u00e9es con\u00e7ues pour cibler des objectifs sp\u00e9cifiques.<\/li>\n<li><span style=\"color: #333333;\"><b>Publics cibles:<\/b><\/span>\u00a0Individus ou dirigeants n\u00e9cessitant une am\u00e9lioration cibl\u00e9e dans des domaines s\u00e9lectionn\u00e9s.<\/li>\n<li><b><span style=\"color: #333333;\">B\u00e9n\u00e9fices:<\/span>\u00a0<\/b>Approche structur\u00e9e, s\u00e9ances ax\u00e9es sur les objectifs, flexibilit\u00e9 dans la planification.<\/li>\n<li><b><span style=\"color: #333333;\">Comment cela fonctionne-t-il:<\/span>\u00a0<\/b>Les s\u00e9ances sont espac\u00e9es pour permettre la mise en \u0153uvre et la r\u00e9flexion, maximisant ainsi l\u2019apprentissage et l\u2019application.<\/li>\n<li><b><span style=\"color: #333333;\">Commentaires des participants:<\/span>\u00a0<\/b>\u00ab Chaque s\u00e9ance m\u2019a permis d\u2019\u00eatre mieux \u00e9quip\u00e9 et plus motiv\u00e9 ; une approche structur\u00e9e fantastique. \u00bb \u2013 Mike D.<\/li>\n<li><b><span style=\"color: #333333;\">Termes sp\u00e9cifiques:<\/span>\u00a0<\/b>S\u00e9ances \u00e0 utiliser dans l'ann\u00e9e suivant l'achat.<\/li>\n<\/ul>","protected":false},"excerpt":{"rendered":"<p>What it is:\u00a0A set of ten structured coaching sessions designed to target specific goals. Target Audiences:\u00a0Individuals or leaders needing focused improvement in selected areas. Benefits:\u00a0Structured approach, goal-oriented sessions, flexibility in scheduling. How it Works:\u00a0Sessions are spaced to allow for implementation and reflection, maximizing learning and application. Attendee Feedback:\u00a0\u201cEach session left me more equipped and motivated; [&hellip;]<\/p>\n","protected":false},"featured_media":2347,"comment_status":"open","ping_status":"closed","template":"","meta":{"_acf_changed":false,"_et_pb_use_builder":"","_et_pb_old_content":"","_et_gb_content_width":""},"product_brand":[],"product_cat":[140],"product_tag":[],"class_list":{"0":"post-2398","1":"product","2":"type-product","3":"status-publish","4":"has-post-thumbnail","6":"product_cat-individual","8":"first","9":"instock","10":"taxable","11":"shipping-taxable","12":"purchasable","13":"product-type-simple"},"acf":[],"_links":{"self":[{"href":"https:\/\/wisersooner.com\/fr\/wp-json\/wp\/v2\/product\/2398","targetHints":{"allow":["GET"]}}],"collection":[{"href":"https:\/\/wisersooner.com\/fr\/wp-json\/wp\/v2\/product"}],"about":[{"href":"https:\/\/wisersooner.com\/fr\/wp-json\/wp\/v2\/types\/product"}],"replies":[{"embeddable":true,"href":"https:\/\/wisersooner.com\/fr\/wp-json\/wp\/v2\/comments?post=2398"}],"wp:featuredmedia":[{"embeddable":true,"href":"https:\/\/wisersooner.com\/fr\/wp-json\/wp\/v2\/media\/2347"}],"wp:attachment":[{"href":"https:\/\/wisersooner.com\/fr\/wp-json\/wp\/v2\/media?parent=2398"}],"wp:term":[{"taxonomy":"product_brand","embeddable":true,"href":"https:\/\/wisersooner.com\/fr\/wp-json\/wp\/v2\/product_brand?post=2398"},{"taxonomy":"product_cat","embeddable":true,"href":"https:\/\/wisersooner.com\/fr\/wp-json\/wp\/v2\/product_cat?post=2398"},{"taxonomy":"product_tag","embeddable":true,"href":"https:\/\/wisersooner.com\/fr\/wp-json\/wp\/v2\/product_tag?post=2398"}],"curies":[{"name":"wp","href":"https:\/\/api.w.org\/{rel}","templated":true}]}}